{"id":319,"date":"2014-09-11T09:52:27","date_gmt":"2014-09-11T07:52:27","guid":{"rendered":"http:\/\/www.divadlopodpetrinem.cz\/?page_id=319"},"modified":"2018-06-14T13:21:13","modified_gmt":"2018-06-14T11:21:13","slug":"kontakty","status":"publish","type":"page","link":"http:\/\/www.divadlopodpetrinem.cz\/?page_id=319","title":{"rendered":"Kontakty"},"content":{"rendered":"<p><strong>Ofici\u00e1ln\u00ed n\u00e1zev:<br \/>\n<\/strong>Divadlo pod Pet\u0159\u00ednem, z.s. p\u0159i T.J.Sokol Kampa<\/p>\n<p>(Sokol Kampa je sou\u010d\u00e1st\u00ed \u017eupy Podb\u011blohorsk\u00e9 se s\u00eddlem v Tyr\u0161ov\u011b dom\u011b v Praze)<\/p>\n<p><strong>I\u010cO: <\/strong>04788303<\/p>\n<p><strong>S\u00eddlo: <\/strong>M\u00e1jov\u00e1 445, 251 67 Py\u0161ely<\/p>\n<p><strong>Soubor:<br \/>\n<\/strong>V \u010dele souboru je Um\u011bleck\u00e1 rada, kterou tvo\u0159\u00ed: vedouc\u00ed souboru, re\u017eis\u00e9r, sc\u00e9nograf, \u0161\u00e9f techniky a \u00fa\u010detn\u00ed<\/p>\n<p><strong>Vedouc\u00ed souboru:<\/strong><br \/>\nPavel Urban<br \/>\ntel. 602146079<br \/>\npavel.urban(zavin\u00e1\u010d)divadlopodpetrinem.cz<\/p>\n<p><strong>Re\u017eis\u00e9r:<\/strong><br \/>\nBohumil Gond\u00edk<br \/>\ntel. 723559254<br \/>\npyselakof(zavin\u00e1\u010d)centrum.cz<\/p>\n<p>\u00da\u010detn\u00ed z\u00e1v\u011brka za rok 2016: <a href=\"http:\/\/www.divadlopodpetrinem.cz\/wp-content\/uploads\/2018\/06\/\u00fa\u010detn\u00ed-z\u00e1v\u011brka-2016.pdf\" target=\"_blank\" rel=\"noopener\">otev\u0159\u00edt<\/a><\/p>\n<p>\u00da\u010detn\u00ed z\u00e1v\u011brka za rok 2017: <a href=\"http:\/\/www.divadlopodpetrinem.cz\/wp-content\/uploads\/2018\/06\/\u00fa\u010detn\u00ed-z\u00e1v\u011brka-2017.pdf\" target=\"_blank\" rel=\"noopener\">otev\u0159\u00edt<\/a><\/p>\n","protected":false},"excerpt":{"rendered":"<p>Ofici\u00e1ln\u00ed n\u00e1zev: Divadlo pod Pet\u0159\u00ednem, z.s. p\u0159i T.J.Sokol Kampa (Sokol Kampa je sou\u010d\u00e1st\u00ed \u017eupy Podb\u011blohorsk\u00e9 se s\u00eddlem v Tyr\u0161ov\u011b dom\u011b v Praze) I\u010cO: 04788303 S\u00eddlo: M\u00e1jov\u00e1 445, 251 67 Py\u0161ely Soubor: V \u010dele souboru je Um\u011bleck\u00e1 rada, kterou tvo\u0159\u00ed: vedouc\u00ed &hellip; <a class=\"more-link\" href=\"http:\/\/www.divadlopodpetrinem.cz\/?page_id=319\">Pokra\u010dovat ve \u010dten\u00ed <span class=\"meta-nav\">&rarr;<\/span><\/a><\/p>\n","protected":false},"author":1,"featured_media":0,"parent":0,"menu_order":0,"comment_status":"closed","ping_status":"open","template":"","meta":{"_mc_calendar":[],"footnotes":""},"class_list":["post-319","page","type-page","status-publish","hentry"],"_links":{"self":[{"href":"http:\/\/www.divadlopodpetrinem.cz\/index.php?rest_route=\/wp\/v2\/pages\/319","targetHints":{"allow":["GET"]}}],"collection":[{"href":"http:\/\/www.divadlopodpetrinem.cz\/index.php?rest_route=\/wp\/v2\/pages"}],"about":[{"href":"http:\/\/www.divadlopodpetrinem.cz\/index.php?rest_route=\/wp\/v2\/types\/page"}],"author":[{"embeddable":true,"href":"http:\/\/www.divadlopodpetrinem.cz\/index.php?rest_route=\/wp\/v2\/users\/1"}],"replies":[{"embeddable":true,"href":"http:\/\/www.divadlopodpetrinem.cz\/index.php?rest_route=%2Fwp%2Fv2%2Fcomments&post=319"}],"version-history":[{"count":7,"href":"http:\/\/www.divadlopodpetrinem.cz\/index.php?rest_route=\/wp\/v2\/pages\/319\/revisions"}],"predecessor-version":[{"id":2397,"href":"http:\/\/www.divadlopodpetrinem.cz\/index.php?rest_route=\/wp\/v2\/pages\/319\/revisions\/2397"}],"wp:attachment":[{"href":"http:\/\/www.divadlopodpetrinem.cz\/index.php?rest_route=%2Fwp%2Fv2%2Fmedia&parent=319"}],"curies":[{"name":"wp","href":"https:\/\/api.w.org\/{rel}","templated":true}]}}